{"id":32092,"date":"2025-05-24T09:58:51","date_gmt":"2025-05-24T13:58:51","guid":{"rendered":"https:\/\/allnailandbeauty.com\/become-an-anb-ambassador\/"},"modified":"2025-05-24T09:58:51","modified_gmt":"2025-05-24T13:58:51","slug":"become-an-anb-ambassador","status":"publish","type":"page","link":"https:\/\/allnailandbeauty.com\/en\/become-an-anb-ambassador\/","title":{"rendered":"Become an ANB Ambassador"},"content":{"rendered":"<div class=\"afwc_reg_form_wrapper\"><form action=\"#\" id=\"afwc_registration_form\"><div class=\"afwc_reg_field_wrapper afwc_reg_email \"><label for=\"afwc_reg_email\" class=\"afwc_required\">Courriel<\/label><input type=\"email\" id=\"afwc_reg_email\" name=\"afwc_reg_email\" required class=\"afwc_reg_form_field\"  value=\"\"\/><\/div><div class=\"afwc_reg_field_wrapper afwc_reg_first_name afwc_is_half\"><label for=\"afwc_reg_first_name\" class=\"afwc_\">Pr\u00e9nom<\/label><input type=\"text\" id=\"afwc_reg_first_name\" name=\"afwc_reg_first_name\"  class=\"afwc_reg_form_field\"  value=\"\"\/><\/div><div class=\"afwc_reg_field_wrapper afwc_reg_last_name afwc_is_half\"><label for=\"afwc_reg_last_name\" class=\"afwc_\">Nom de famille<\/label><input type=\"text\" id=\"afwc_reg_last_name\" name=\"afwc_reg_last_name\"  class=\"afwc_reg_form_field\"  value=\"\"\/><\/div><div class=\"afwc_reg_field_wrapper afwc_reg_contact \"><label for=\"afwc_reg_contact\" class=\"afwc_\">Num\u00e9ro de t\u00e9l\u00e9phone \/ ID Skype \/ Meilleure m\u00e9thode pour vous parler<\/label><input type=\"text\" id=\"afwc_reg_contact\" name=\"afwc_reg_contact\"  class=\"afwc_reg_form_field\"  value=\"\"\/><\/div><div class=\"afwc_reg_field_wrapper afwc_reg_website \"><label for=\"afwc_reg_website\" class=\"afwc_\">Site web<\/label><input type=\"text\" id=\"afwc_reg_website\" name=\"afwc_reg_website\"  class=\"afwc_reg_form_field\"  value=\"\"\/><\/div><div class=\"afwc_reg_field_wrapper afwc_reg_password afwc_is_half\"><label for=\"afwc_reg_password\" class=\"afwc_required\">Mot de passe<\/label><input type=\"password\" id=\"afwc_reg_password\" name=\"afwc_reg_password\" required class=\"afwc_reg_form_field\"  value=\"\"\/><\/div><div class=\"afwc_reg_field_wrapper afwc_reg_confirm_password afwc_is_half\"><label for=\"afwc_reg_confirm_password\" class=\"afwc_required\">Confirmer le mot de passe<\/label><input type=\"password\" id=\"afwc_reg_confirm_password\" name=\"afwc_reg_confirm_password\" required class=\"afwc_reg_form_field\"  value=\"\"\/><\/div><div class=\"afwc_reg_field_wrapper afwc_reg_desc \"><label for=\"afwc_reg_desc\" class=\"afwc_required\">Parlez-nous de vous et des raisons pour lesquelles vous aimeriez vous associer \u00e0 nous (veuillez inclure vos adresses de m\u00e9dias sociaux, votre exp\u00e9rience de la promotion d'autres personnes, parlez-nous de votre public, etc.)<\/label><textarea name=\"afwc_reg_desc\" id=\"afwc_reg_desc\" required size=\"100\" rows=\"5\" cols=\"58\" class=\"afwc_reg_form_field\"><\/textarea><\/div><div class=\"afwc_reg_field_wrapper afwc_reg_terms \"><label for=\"afwc_reg_terms\" class=\"afwc_required\"><input type=\"checkbox\" id=\"afwc_reg_terms\" name=\"afwc_reg_terms\" required class=\"afwc_reg_form_field\"  value=\"\"\/>J'accepte toutes les conditions de ce programme<\/label><\/div><input type=\"hidden\" name=\"afwc_registration\" id=\"afwc_registration\" value=\"d5d87ad024\"\/><label style=\"position:absolute;top:-99999px;left:-99999px;z-index:-99;\"><input type=\"text\" name=\"afwc_hp_email\"  tabindex=\"-1\" autocomplete=\"-1\" value=\"\"\/><\/label><div class=\"afwc_reg_field_wrapper\"><input type=\"submit\" name=\"submit\" class=\"afwc_registration_form_submit\" id=\"afwc_registration_form_submit\" value=\"Submit\"\/><div class=\"afwc_reg_loader\"><img decoding=\"async\" src=\"https:\/\/allnailandbeauty.com\/wp-content\/plugins\/woocommerce\/assets\/images\/wpspin-2x.gif\" \/><\/div><\/div><div class=\"afwc_reg_message\"><\/div><\/form><\/div>\n","protected":false},"excerpt":{"rendered":"","protected":false},"author":2,"featured_media":0,"parent":0,"menu_order":0,"comment_status":"closed","ping_status":"closed","template":"","meta":{"_acf_changed":false,"footnotes":""},"class_list":["post-32092","page","type-page","status-publish","hentry"],"acf":[],"_links":{"self":[{"href":"https:\/\/allnailandbeauty.com\/en\/wp-json\/wp\/v2\/pages\/32092","targetHints":{"allow":["GET"]}}],"collection":[{"href":"https:\/\/allnailandbeauty.com\/en\/wp-json\/wp\/v2\/pages"}],"about":[{"href":"https:\/\/allnailandbeauty.com\/en\/wp-json\/wp\/v2\/types\/page"}],"author":[{"embeddable":true,"href":"https:\/\/allnailandbeauty.com\/en\/wp-json\/wp\/v2\/users\/2"}],"replies":[{"embeddable":true,"href":"https:\/\/allnailandbeauty.com\/en\/wp-json\/wp\/v2\/comments?post=32092"}],"version-history":[{"count":0,"href":"https:\/\/allnailandbeauty.com\/en\/wp-json\/wp\/v2\/pages\/32092\/revisions"}],"wp:attachment":[{"href":"https:\/\/allnailandbeauty.com\/en\/wp-json\/wp\/v2\/media?parent=32092"}],"curies":[{"name":"wp","href":"https:\/\/api.w.org\/{rel}","templated":true}]}}