{"id":29724,"date":"2024-09-05T15:01:51","date_gmt":"2024-09-05T19:01:51","guid":{"rendered":"https:\/\/allnailandbeauty.com\/produit\/livret-de-modeles-pour-sticker\/"},"modified":"2024-09-05T15:01:51","modified_gmt":"2024-09-05T19:01:51","slug":"livret-de-modeles-pour-sticker","status":"publish","type":"product","link":"https:\/\/allnailandbeauty.com\/en\/product\/livret-de-modeles-pour-sticker\/","title":{"rendered":"Livret de mod\u00e8les pour Sticker"},"content":{"rendered":"<p data-start=\"90\" data-end=\"168\"><strong data-start=\"93\" data-end=\"166\">Lib\u00e9rez votre cr\u00e9ativit\u00e9 avec plus de 15 pages de designs exclusifs !<\/strong><\/p>\n<p data-start=\"170\" data-end=\"479\">Ce <strong data-start=\"173\" data-end=\"194\">livre de stickers<\/strong> est l\u2019outil parfait pour les passionn\u00e9es de nail art souhaitant <strong data-start=\"259\" data-end=\"302\">cr\u00e9er leurs propres stickers faits main<\/strong>. Chaque page contient des <strong data-start=\"329\" data-end=\"357\">dessins \u00e0 petite \u00e9chelle<\/strong>, servant de <strong data-start=\"370\" data-end=\"388\">gabarit pr\u00e9cis<\/strong> pour r\u00e9aliser des motifs uniques avec du <strong data-start=\"430\" data-end=\"444\">vernis gel<\/strong> ou de la <strong data-start=\"454\" data-end=\"476\">peinture acrylique<\/strong>.<\/p>\n<p data-start=\"481\" data-end=\"807\">\ud83d\udd39 <strong data-start=\"484\" data-end=\"556\">+ de 15 pages de designs vari\u00e9s pour s\u2019adapter \u00e0 toutes les envies !<\/strong><br data-start=\"556\" data-end=\"559\" \/>\ud83d\udd39 <strong data-start=\"562\" data-end=\"634\">Faciles \u00e0 utiliser, parfaits pour les d\u00e9butantes comme pour les pros<\/strong><br data-start=\"634\" data-end=\"637\" \/>\ud83d\udd39 <strong data-start=\"640\" data-end=\"720\">Id\u00e9al pour personnaliser chaque manucure avec des motifs pr\u00e9cis et d\u00e9taill\u00e9s<\/strong><br data-start=\"720\" data-end=\"723\" \/>\ud83d\udd39 <strong data-start=\"726\" data-end=\"805\">Compatible avec le vernis gel, la peinture et autres techniques artistiques<\/strong><\/p>\n<hr data-start=\"809\" data-end=\"812\" \/>\n<h3 data-start=\"814\" data-end=\"844\"><strong data-start=\"818\" data-end=\"842\">Comment l\u2019utiliser ?<\/strong><\/h3>\n<p data-start=\"846\" data-end=\"1285\">1\ufe0f\u20e3 <strong data-start=\"850\" data-end=\"876\">Choisissez votre motif<\/strong> parmi les nombreuses pages de stickers.<br data-start=\"916\" data-end=\"919\" \/>2\ufe0f\u20e3 <strong data-start=\"923\" data-end=\"948\">Reproduisez le dessin<\/strong> en utilisant un pinceau fin et du <strong data-start=\"983\" data-end=\"997\">vernis gel<\/strong> ou de la <strong data-start=\"1007\" data-end=\"1029\">peinture acrylique<\/strong>.<br data-start=\"1030\" data-end=\"1033\" \/>3\ufe0f\u20e3 <strong data-start=\"1037\" data-end=\"1050\">Catalysez<\/strong> (si vous utilisez du gel) ou laissez s\u00e9cher (si vous utilisez de la peinture).<br data-start=\"1129\" data-end=\"1132\" \/>4\ufe0f\u20e3 <strong data-start=\"1136\" data-end=\"1172\">D\u00e9tachez d\u00e9licatement le sticker<\/strong> et appliquez-le sur l\u2019ongle.<br data-start=\"1201\" data-end=\"1204\" \/>5\ufe0f\u20e3 <strong data-start=\"1208\" data-end=\"1236\">Scellez avec un top coat<\/strong> pour une tenue parfaite et un rendu ultra-pro.<\/p>\n<p data-start=\"1287\" data-end=\"1405\">\ud83d\udca1 <strong data-start=\"1290\" data-end=\"1307\">Astuce de pro<\/strong> : Ajoutez des d\u00e9tails en foil, paillettes ou d\u00e9grad\u00e9s pour un effet encore plus spectaculaire !<\/p>\n","protected":false},"excerpt":{"rendered":"<p>Lib\u00e9rez votre cr\u00e9ativit\u00e9 avec plus de 15 pages de designs exclusifs ! Ce livre de stickers est l\u2019outil parfait pour les passionn\u00e9es de nail art souhaitant cr\u00e9er leurs propres stickers faits main. Chaque page contient des dessins \u00e0 petite \u00e9chelle, servant de gabarit pr\u00e9cis pour r\u00e9aliser des motifs uniques avec du&hellip;<\/p>\n","protected":false},"featured_media":28974,"comment_status":"open","ping_status":"closed","template":"","meta":{"_acf_changed":false},"product_brand":[],"product_cat":[1801,1783,1792],"product_tag":[],"class_list":{"0":"post-29724","1":"product","2":"type-product","3":"status-publish","4":"has-post-thumbnail","6":"product_cat-decorations-en","7":"product_cat-nail-products","8":"product_cat-working-tools","10":"first","11":"instock","12":"taxable","13":"shipping-taxable","14":"product-type-simple"},"acf":[],"_links":{"self":[{"href":"https:\/\/allnailandbeauty.com\/en\/wp-json\/wp\/v2\/product\/29724","targetHints":{"allow":["GET"]}}],"collection":[{"href":"https:\/\/allnailandbeauty.com\/en\/wp-json\/wp\/v2\/product"}],"about":[{"href":"https:\/\/allnailandbeauty.com\/en\/wp-json\/wp\/v2\/types\/product"}],"replies":[{"embeddable":true,"href":"https:\/\/allnailandbeauty.com\/en\/wp-json\/wp\/v2\/comments?post=29724"}],"version-history":[{"count":0,"href":"https:\/\/allnailandbeauty.com\/en\/wp-json\/wp\/v2\/product\/29724\/revisions"}],"wp:featuredmedia":[{"embeddable":true,"href":"https:\/\/allnailandbeauty.com\/en\/wp-json\/wp\/v2\/media\/28974"}],"wp:attachment":[{"href":"https:\/\/allnailandbeauty.com\/en\/wp-json\/wp\/v2\/media?parent=29724"}],"wp:term":[{"taxonomy":"product_brand","embeddable":true,"href":"https:\/\/allnailandbeauty.com\/en\/wp-json\/wp\/v2\/product_brand?post=29724"},{"taxonomy":"product_cat","embeddable":true,"href":"https:\/\/allnailandbeauty.com\/en\/wp-json\/wp\/v2\/product_cat?post=29724"},{"taxonomy":"product_tag","embeddable":true,"href":"https:\/\/allnailandbeauty.com\/en\/wp-json\/wp\/v2\/product_tag?post=29724"}],"curies":[{"name":"wp","href":"https:\/\/api.w.org\/{rel}","templated":true}]}}