{"id":31228,"date":"2025-03-08T09:09:29","date_gmt":"2025-03-08T14:09:29","guid":{"rendered":"https:\/\/allnailandbeauty.com\/produit\/boitier-cils-colores-vert-fluo\/"},"modified":"2025-03-08T09:09:29","modified_gmt":"2025-03-08T14:09:29","slug":"boitier-cils-colores-vert-fluo","status":"publish","type":"product","link":"https:\/\/allnailandbeauty.com\/en\/product\/boitier-cils-colores-vert-fluo\/","title":{"rendered":"Bo\u00eetier Cils Color\u00e9s Vert Fluo"},"content":{"rendered":"<p data-start=\"0\" data-end=\"68\"><strong data-start=\"0\" data-end=\"66\">Mini Bo\u00eetier de Cils Color\u00e9s Vert Fluo \u2013<em> Glow in the Dark<\/em> \ud83d\udc9a<\/strong><\/p>\n<p data-start=\"70\" data-end=\"407\">Ajoutez une touche <strong data-start=\"89\" data-end=\"115\">\u00e9lectrisante et unique<\/strong> \u00e0 vos poses avec nos <strong data-start=\"137\" data-end=\"178\">extensions de cils color\u00e9es vert fluo<\/strong>, sp\u00e9cialement con\u00e7ues pour <strong data-start=\"206\" data-end=\"230\">briller dans le noir<\/strong> ! Parfaites pour des looks artistiques, festifs ou avant-gardistes, ces <strong data-start=\"303\" data-end=\"342\">cils l\u00e9gers et faciles \u00e0 travailler<\/strong> garantissent un effet <strong data-start=\"365\" data-end=\"404\">spectaculaire de jour comme de nuit<\/strong>.<\/p>\n<h5 data-start=\"409\" data-end=\"437\"><strong data-start=\"413\" data-end=\"435\">Caract\u00e9ristiques :<\/strong><\/h5>\n<p data-start=\"438\" data-end=\"901\">\u2714\ufe0f <strong data-start=\"441\" data-end=\"467\">Effet Glow in the Dark<\/strong> \u2013 Brille sous lumi\u00e8re noire (UV) pour un effet incroyable.<br data-start=\"526\" data-end=\"529\" \/>\u2714\ufe0f <strong data-start=\"532\" data-end=\"563\">Courbure C \u2013 \u00c9paisseur 0.07 et 0.15<\/strong>\u00a0\u2013 Id\u00e9al pour le volume russe ou le mix avec des cils noirs classiques.<br data-start=\"634\" data-end=\"637\" \/>\u2714\ufe0f <strong data-start=\"640\" data-end=\"672\">Longueurs mixtes (8 \u00e0 13 mm)<\/strong> \u2013 Adapt\u00e9 \u00e0 toutes les formes d\u2019yeux et styles de poses.<br data-start=\"728\" data-end=\"731\" \/>\u2714\ufe0f <strong data-start=\"734\" data-end=\"765\" data-is-only-node=\"\">Fibre ultra-l\u00e9g\u00e8re et douce<\/strong> \u2013 Confortable et facile \u00e0 manipuler.<br data-start=\"802\" data-end=\"805\" \/>\u2714\ufe0f <strong data-start=\"808\" data-end=\"833\">Mini bo\u00eetier pratique<\/strong> \u2013 Format compact id\u00e9al pour tester ou compl\u00e9ter votre collection.<\/p>\n","protected":false},"excerpt":{"rendered":"<p>Mini Bo\u00eetier de Cils Color\u00e9s Vert Fluo \u2013 Glow in the Dark \ud83d\udc9a Ajoutez une touche \u00e9lectrisante et unique \u00e0 vos poses avec nos extensions de cils color\u00e9es vert fluo, sp\u00e9cialement con\u00e7ues pour briller dans le noir ! Parfaites pour des looks artistiques, festifs ou avant-gardistes, ces cils l\u00e9gers et faciles&hellip;<\/p>\n","protected":false},"featured_media":27111,"comment_status":"open","ping_status":"closed","template":"","meta":{"_acf_changed":false},"product_brand":[],"product_cat":[1784,1802,1794,3135],"product_tag":[],"class_list":{"0":"post-31228","1":"product","2":"type-product","3":"status-publish","4":"has-post-thumbnail","6":"product_cat-eyelash-products","7":"product_cat-decorations-en-2","8":"product_cat-eyelashes","9":"product_cat-new","11":"first","12":"instock","13":"taxable","14":"shipping-taxable","15":"product-type-variable"},"acf":[],"_links":{"self":[{"href":"https:\/\/allnailandbeauty.com\/en\/wp-json\/wp\/v2\/product\/31228","targetHints":{"allow":["GET"]}}],"collection":[{"href":"https:\/\/allnailandbeauty.com\/en\/wp-json\/wp\/v2\/product"}],"about":[{"href":"https:\/\/allnailandbeauty.com\/en\/wp-json\/wp\/v2\/types\/product"}],"replies":[{"embeddable":true,"href":"https:\/\/allnailandbeauty.com\/en\/wp-json\/wp\/v2\/comments?post=31228"}],"version-history":[{"count":0,"href":"https:\/\/allnailandbeauty.com\/en\/wp-json\/wp\/v2\/product\/31228\/revisions"}],"wp:featuredmedia":[{"embeddable":true,"href":"https:\/\/allnailandbeauty.com\/en\/wp-json\/wp\/v2\/media\/27111"}],"wp:attachment":[{"href":"https:\/\/allnailandbeauty.com\/en\/wp-json\/wp\/v2\/media?parent=31228"}],"wp:term":[{"taxonomy":"product_brand","embeddable":true,"href":"https:\/\/allnailandbeauty.com\/en\/wp-json\/wp\/v2\/product_brand?post=31228"},{"taxonomy":"product_cat","embeddable":true,"href":"https:\/\/allnailandbeauty.com\/en\/wp-json\/wp\/v2\/product_cat?post=31228"},{"taxonomy":"product_tag","embeddable":true,"href":"https:\/\/allnailandbeauty.com\/en\/wp-json\/wp\/v2\/product_tag?post=31228"}],"curies":[{"name":"wp","href":"https:\/\/api.w.org\/{rel}","templated":true}]}}