{"id":31374,"date":"2024-10-23T12:54:34","date_gmt":"2024-10-23T16:54:34","guid":{"rendered":"https:\/\/allnailandbeauty.com\/produit\/eyeshadows-a-lunite\/"},"modified":"2025-03-18T13:47:33","modified_gmt":"2025-03-18T17:47:33","slug":"eyeshadows-a-lunite","status":"publish","type":"product","link":"https:\/\/allnailandbeauty.com\/en\/product\/eyeshadows-a-lunite\/","title":{"rendered":"Eyeshadows \u00e0 l&#8217;unit\u00e9"},"content":{"rendered":"<p>Create your own Palette de R\u00eaves!<\/p>\n<p>Discover our brand-new make-up concept: a customizable magnetic palette where YOU choose each eyeshadow. Unleash your creativity and compose a color harmony that perfectly reflects you. <\/p>\n<p><span class=\"html-span xexx8yu x4uap5 x18d9i69 xkhd6sd x1hl2dhg x16tdsg8 x1vvkbs x3nfvp2 x1j61x8r x1fcty0u xdj266r xat24cr xgzva0m xhhsvwb xxymvpz xlup9mm x1kky2od\"><img decoding=\"async\" class=\"xz74otr\" src=\"https:\/\/static.xx.fbcdn.net\/images\/emoji.php\/v9\/tf4\/1\/16\/2728.png\" alt=\"\u2728\" width=\"16\" height=\"16\"><\/span>  Exceptional shadows: Matte: Hyper opaque and ultra pigmented for an intense finish from the very first stroke.<\/p>\n<p>Shimmers: Dazzling with multi-reflections and incomparable brilliance.<\/p>\n<p><span class=\"html-span xexx8yu x4uap5 x18d9i69 xkhd6sd x1hl2dhg x16tdsg8 x1vvkbs x3nfvp2 x1j61x8r x1fcty0u xdj266r xat24cr xgzva0m xhhsvwb xxymvpz xlup9mm x1kky2od\"><img decoding=\"async\" class=\"xz74otr\" src=\"https:\/\/static.xx.fbcdn.net\/images\/emoji.php\/v9\/t69\/1\/16\/1f331.png\" alt=\"\ud83c\udf31\" width=\"16\" height=\"16\"><\/span>  Vegan &amp; Professional Quality: Our blushes are designed to enhance your looks while respecting your values and professional standards. Create a unique palette and let your imagination run wild. Compose, change and reinvent your style without limits!  <\/p>\n","protected":false},"excerpt":{"rendered":"<p>Create your own Palette de R\u00eaves! Discover our brand-new make-up concept: a customizable magnetic palette where YOU choose each eyeshadow. Unleash your creativity and compose a color harmony that perfectly reflects you. Exceptional shadows: Matte: Hyper opaque and ultra pigmented for an intense finish from the very first stroke. Shimmers: Dazzling&hellip;<\/p>\n","protected":false},"featured_media":30010,"comment_status":"open","ping_status":"closed","template":"","meta":{"_acf_changed":false},"product_brand":[],"product_cat":[1820,3161,1824],"product_tag":[],"class_list":{"0":"post-31374","1":"product","2":"type-product","3":"status-publish","4":"has-post-thumbnail","6":"product_cat-aesthetic-products","7":"product_cat-balance","8":"product_cat-make-up","10":"first","11":"instock","12":"sale","13":"taxable","14":"shipping-taxable","15":"purchasable","16":"product-type-variable"},"acf":[],"_links":{"self":[{"href":"https:\/\/allnailandbeauty.com\/en\/wp-json\/wp\/v2\/product\/31374","targetHints":{"allow":["GET"]}}],"collection":[{"href":"https:\/\/allnailandbeauty.com\/en\/wp-json\/wp\/v2\/product"}],"about":[{"href":"https:\/\/allnailandbeauty.com\/en\/wp-json\/wp\/v2\/types\/product"}],"replies":[{"embeddable":true,"href":"https:\/\/allnailandbeauty.com\/en\/wp-json\/wp\/v2\/comments?post=31374"}],"version-history":[{"count":0,"href":"https:\/\/allnailandbeauty.com\/en\/wp-json\/wp\/v2\/product\/31374\/revisions"}],"wp:featuredmedia":[{"embeddable":true,"href":"https:\/\/allnailandbeauty.com\/en\/wp-json\/wp\/v2\/media\/30010"}],"wp:attachment":[{"href":"https:\/\/allnailandbeauty.com\/en\/wp-json\/wp\/v2\/media?parent=31374"}],"wp:term":[{"taxonomy":"product_brand","embeddable":true,"href":"https:\/\/allnailandbeauty.com\/en\/wp-json\/wp\/v2\/product_brand?post=31374"},{"taxonomy":"product_cat","embeddable":true,"href":"https:\/\/allnailandbeauty.com\/en\/wp-json\/wp\/v2\/product_cat?post=31374"},{"taxonomy":"product_tag","embeddable":true,"href":"https:\/\/allnailandbeauty.com\/en\/wp-json\/wp\/v2\/product_tag?post=31374"}],"curies":[{"name":"wp","href":"https:\/\/api.w.org\/{rel}","templated":true}]}}