{"id":36672,"date":"2025-09-08T20:50:19","date_gmt":"2025-09-09T00:50:19","guid":{"rendered":"https:\/\/allnailandbeauty.com\/produit\/cire-mousse\/"},"modified":"2025-09-08T20:50:19","modified_gmt":"2025-09-09T00:50:19","slug":"cire-mousse","status":"publish","type":"product","link":"https:\/\/allnailandbeauty.com\/en\/product\/cire-mousse\/","title":{"rendered":"Cire mousse"},"content":{"rendered":"<p>D\u00e9couvrez <strong data-start=\"433\" data-end=\"454\">Bubble Wax<\/strong>, la premi\u00e8re cire \u00e0 \u00e9piler \u00e0 froid en pulv\u00e9risation brevet\u00e9e qui transforme l\u2019\u00e9pilation en une exp\u00e9rience moderne, rapide et agr\u00e9able.<br data-start=\"589\" data-end=\"592\" \/>Fini le chauffe-cire : cette innovation s\u2019utilise imm\u00e9diatement, comme une mousse capillaire que l\u2019on \u00e9tale \u00e0 la spatule et retire avec des bandelettes.<\/p>\n<h5 data-start=\"753\" data-end=\"781\">Principaux avantages<\/h5>\n<ul data-start=\"782\" data-end=\"1849\">\n<li data-start=\"782\" data-end=\"893\">\n<p data-start=\"784\" data-end=\"893\"><strong data-start=\"784\" data-end=\"803\">Indolore et s\u00fbr<\/strong> : Offre une \u00e9pilation efficace sans inconfort ni rougeur, m\u00eame sur les peaux sensibles.<\/p>\n<\/li>\n<li data-start=\"894\" data-end=\"1051\">\n<p data-start=\"896\" data-end=\"1051\"><strong data-start=\"896\" data-end=\"931\">\u00c9cologique &amp; \u00e9conome en \u00e9nergie<\/strong> : Aucun chauffage requis \u2013 respectueuse de l\u2019environnement, id\u00e9ale pour les soins rapides et les th\u00e9rapeutes mobiles.<\/p>\n<\/li>\n<li data-start=\"1052\" data-end=\"1196\">\n<p data-start=\"1054\" data-end=\"1196\"><strong data-start=\"1054\" data-end=\"1075\">Qualit\u00e9 italienne<\/strong> : 100 % con\u00e7ue et fabriqu\u00e9e en Italie, reconnue pour son excellence. Laur\u00e9ate des prestigieux <em data-start=\"1170\" data-end=\"1193\">Asia Cosmoprof Awards<\/em>.<\/p>\n<\/li>\n<li data-start=\"1197\" data-end=\"1393\">\n<p data-start=\"1199\" data-end=\"1393\"><strong data-start=\"1199\" data-end=\"1222\">Longue conservation<\/strong> : Contrairement aux cires traditionnelles, elle ne s\u00e8che pas apr\u00e8s ouverture et reste utilisable pendant des mois, r\u00e9duisant le gaspillage et augmentant la rentabilit\u00e9.<\/p>\n<\/li>\n<li data-start=\"1394\" data-end=\"1630\">\n<p data-start=\"1396\" data-end=\"1630\"><strong data-start=\"1396\" data-end=\"1438\">Application brevet\u00e9e par pulv\u00e9risation<\/strong> : Une premi\u00e8re mondiale qui permet une couverture compl\u00e8te et uniforme en un seul geste. Parfaite pour les clientes press\u00e9es et les professionnelles qui veulent augmenter leur productivit\u00e9.<\/p>\n<\/li>\n<li data-start=\"1631\" data-end=\"1723\">\n<p data-start=\"1633\" data-end=\"1723\"><strong data-start=\"1633\" data-end=\"1647\">Hygi\u00e9nique<\/strong> : Pas de double trempage, chaque application reste propre et s\u00e9curitaire.<\/p>\n<\/li>\n<li data-start=\"1724\" data-end=\"1849\">\n<p data-start=\"1726\" data-end=\"1849\"><strong data-start=\"1726\" data-end=\"1741\">Sensorielle<\/strong> : Une belle couleur bleue tendre, enrichie au mono\u00ef de Tahiti qui laisse une odeur florale et envo\u00fbtante.<\/p>\n<\/li>\n<\/ul>\n<p>&nbsp;<\/p>\n<h5 data-start=\"1856\" data-end=\"1878\">Mode d\u2019emploi<\/h5>\n<ol data-start=\"1879\" data-end=\"2504\">\n<li data-start=\"1879\" data-end=\"1938\">\n<p data-start=\"1882\" data-end=\"1938\"><strong data-start=\"1882\" data-end=\"1897\">Bien agiter<\/strong> : Secouer l\u2019a\u00e9rosol avant utilisation.<\/p>\n<\/li>\n<li data-start=\"2051\" data-end=\"2204\">\n<p data-start=\"2054\" data-end=\"2204\"><strong data-start=\"2054\" data-end=\"2067\">Appliquer<\/strong> : Vaporiser directement sur la zone \u00e0 traiter, puis \u00e9taler d\u00e9licatement avec une spatule jetable pour former une fine couche uniforme.<\/p>\n<\/li>\n<li data-start=\"2205\" data-end=\"2329\">\n<p data-start=\"2208\" data-end=\"2329\"><strong data-start=\"2208\" data-end=\"2236\">Attendre la transparence<\/strong> : Une fois la cire devenue transparente, appliquer une bande de coton et presser fermement.<\/p>\n<\/li>\n<li data-start=\"2330\" data-end=\"2412\">\n<p data-start=\"2333\" data-end=\"2412\"><strong data-start=\"2333\" data-end=\"2344\">Retirer<\/strong> : Retirer rapidement la bande comme avec une cire traditionnelle.<\/p>\n<\/li>\n<li data-start=\"2413\" data-end=\"2504\">\n<p data-start=\"2416\" data-end=\"2504\"><strong data-start=\"2416\" data-end=\"2441\">R\u00e9p\u00e9ter si n\u00e9cessaire<\/strong> : Jusqu\u2019\u00e0 obtenir une peau parfaitement lisse et sans poils.<\/p>\n<\/li>\n<\/ol>\n<p>&nbsp;<\/p>\n<p>150 ml<\/p>\n","protected":false},"excerpt":{"rendered":"<p>D\u00e9couvrez Bubble Wax, la premi\u00e8re cire \u00e0 \u00e9piler \u00e0 froid en pulv\u00e9risation brevet\u00e9e qui transforme l\u2019\u00e9pilation en une exp\u00e9rience moderne, rapide et agr\u00e9able.Fini le chauffe-cire : cette innovation s\u2019utilise imm\u00e9diatement, comme une mousse capillaire que l\u2019on \u00e9tale \u00e0 la spatule et retire avec des bandelettes. Principaux avantages Indolore et s\u00fbr :&hellip;<\/p>\n","protected":false},"featured_media":36665,"comment_status":"open","ping_status":"closed","template":"","meta":{"_acf_changed":false},"product_brand":[],"product_cat":[1820,1812,1818,3135,1813],"product_tag":[],"class_list":{"0":"post-36672","1":"product","2":"type-product","3":"status-publish","4":"has-post-thumbnail","6":"product_cat-aesthetic-products","7":"product_cat-face-and-body-products","8":"product_cat-hair-removal","9":"product_cat-new","10":"product_cat-waxing","12":"first","13":"instock","14":"taxable","15":"shipping-taxable","16":"product-type-simple"},"acf":[],"_links":{"self":[{"href":"https:\/\/allnailandbeauty.com\/en\/wp-json\/wp\/v2\/product\/36672","targetHints":{"allow":["GET"]}}],"collection":[{"href":"https:\/\/allnailandbeauty.com\/en\/wp-json\/wp\/v2\/product"}],"about":[{"href":"https:\/\/allnailandbeauty.com\/en\/wp-json\/wp\/v2\/types\/product"}],"replies":[{"embeddable":true,"href":"https:\/\/allnailandbeauty.com\/en\/wp-json\/wp\/v2\/comments?post=36672"}],"version-history":[{"count":0,"href":"https:\/\/allnailandbeauty.com\/en\/wp-json\/wp\/v2\/product\/36672\/revisions"}],"wp:featuredmedia":[{"embeddable":true,"href":"https:\/\/allnailandbeauty.com\/en\/wp-json\/wp\/v2\/media\/36665"}],"wp:attachment":[{"href":"https:\/\/allnailandbeauty.com\/en\/wp-json\/wp\/v2\/media?parent=36672"}],"wp:term":[{"taxonomy":"product_brand","embeddable":true,"href":"https:\/\/allnailandbeauty.com\/en\/wp-json\/wp\/v2\/product_brand?post=36672"},{"taxonomy":"product_cat","embeddable":true,"href":"https:\/\/allnailandbeauty.com\/en\/wp-json\/wp\/v2\/product_cat?post=36672"},{"taxonomy":"product_tag","embeddable":true,"href":"https:\/\/allnailandbeauty.com\/en\/wp-json\/wp\/v2\/product_tag?post=36672"}],"curies":[{"name":"wp","href":"https:\/\/api.w.org\/{rel}","templated":true}]}}