{"id":38359,"date":"2025-11-03T13:48:04","date_gmt":"2025-11-03T18:48:04","guid":{"rendered":"https:\/\/allnailandbeauty.com\/produit\/moules-sandwich-professionnels\/"},"modified":"2025-11-03T13:53:12","modified_gmt":"2025-11-03T18:53:12","slug":"moules-sandwich-professionnels","status":"publish","type":"product","link":"https:\/\/allnailandbeauty.com\/en\/product\/moules-sandwich-professionnels\/","title":{"rendered":"Moules Sandwich Professionnels"},"content":{"rendered":"<p data-start=\"442\" data-end=\"955\">D\u00e9couvrez nos nouveaux <strong data-start=\"465\" data-end=\"499\">moules sandwich professionnels<\/strong>, con\u00e7us pour cr\u00e9er des ongles <strong data-start=\"530\" data-end=\"584\">parfaits, lisses et uniformes \u00e0 chaque application<\/strong>. Contrairement aux proth\u00e8ses traditionnelles, ce syst\u00e8me comprend une <g id=\"gid_2\">partie inf\u00e9rieure<\/g> qui se fixe d\u00e9licatement sous l\u2019ongle naturel pour soutenir la structure, et une <g id=\"gid_3\">partie sup\u00e9rieure<\/g> qui est remplie de gel, d\u2019acrygel ou d\u2019acrylique avant durcissement. R\u00e9sultat : <strong data-start=\"860\" data-end=\"884\">une forme impeccable<\/strong>, sans bosses ni irr\u00e9gularit\u00e9s, m\u00eame pour les clientes plus difficiles.  <\/p>\n<p data-start=\"957\" data-end=\"1303\">Perfect for achieving <strong data-start=\"983\" data-end=\"1019\">thin, strong, durable<\/strong> and elegant nails, these forms are <strong data-start=\"1049\" data-end=\"1075\">flexible, reusable<\/strong> and adapt to all nail shapes thanks to their <strong data-start=\"1130\" data-end=\"1158\">14 different sizes<\/strong>. They are also compatible with the <strong data-start=\"1209\" data-end=\"1232\">classic nail form<\/strong> technique, offering greater flexibility according to your preferences and techniques. <\/p>\n<p data-start=\"1305\" data-end=\"1347\">Available in <strong data-start=\"1320\" data-end=\"1343\">2 popular shapes<\/strong>:<\/p>\n<ul data-start=\"1348\" data-end=\"1394\">\n<li data-start=\"1348\" data-end=\"1370\">\n<p data-start=\"1350\" data-end=\"1370\"><strong data-start=\"1350\" data-end=\"1368\">Square (Square)<\/strong><\/p>\n<\/li>\n<li data-start=\"1371\" data-end=\"1394\">\n<p data-start=\"1373\" data-end=\"1394\"><strong data-start=\"1373\" data-end=\"1392\">Almond (Almond)<\/strong><\/p>\n<\/li>\n<\/ul>\n<p data-start=\"1396\" data-end=\"1642\">Each style includes its equivalent for every nail size, ensuring a precise fit. With <strong data-start=\"1502\" data-end=\"1526\">240 pieces per box<\/strong>, you are equipped for a high volume of applications, while maintaining impeccable consistency in your nail structure. <\/p>\n<p data-start=\"1644\" data-end=\"1767\">Ideal for technicians seeking:<br data-start=\"1686\" data-end=\"1689\">\u2022 speed<br data-start=\"1699\" data-end=\"1702\">\u2022 precision<br data-start=\"1713\" data-end=\"1716\">\u2022 consistency<br data-start=\"1727\" data-end=\"1730\">\u2022 guaranteed professional results<\/p>\n<p data-start=\"1769\" data-end=\"1875\">Simplify your routine, perfect your applications, and deliver impressive results every time.<\/p>\n","protected":false},"excerpt":{"rendered":"<p>D\u00e9couvrez nos nouveaux moules sandwich professionnels, con\u00e7us pour cr\u00e9er des ongles parfaits, lisses et uniformes \u00e0 chaque application. Contrairement aux proth\u00e8ses traditionnelles, ce syst\u00e8me comprend une partie inf\u00e9rieure qui se fixe d\u00e9licatement sous l\u2019ongle naturel pour soutenir la structure, et une partie sup\u00e9rieure qui est remplie de gel, d\u2019acrygel ou d\u2019acrylique&hellip;<\/p>\n","protected":false},"featured_media":38301,"comment_status":"open","ping_status":"closed","template":"","meta":{"_acf_changed":false},"product_brand":[],"product_cat":[1789,1783,3135,1796,1788,1792],"product_tag":[],"class_list":{"0":"post-38359","1":"product","2":"type-product","3":"status-publish","4":"has-post-thumbnail","6":"product_cat-acrylic","7":"product_cat-nail-products","8":"product_cat-new","9":"product_cat-prostheses","10":"product_cat-uv-gel","11":"product_cat-working-tools","13":"first","14":"instock","15":"taxable","16":"shipping-taxable","17":"purchasable","18":"product-type-variable"},"acf":[],"_links":{"self":[{"href":"https:\/\/allnailandbeauty.com\/en\/wp-json\/wp\/v2\/product\/38359","targetHints":{"allow":["GET"]}}],"collection":[{"href":"https:\/\/allnailandbeauty.com\/en\/wp-json\/wp\/v2\/product"}],"about":[{"href":"https:\/\/allnailandbeauty.com\/en\/wp-json\/wp\/v2\/types\/product"}],"replies":[{"embeddable":true,"href":"https:\/\/allnailandbeauty.com\/en\/wp-json\/wp\/v2\/comments?post=38359"}],"version-history":[{"count":1,"href":"https:\/\/allnailandbeauty.com\/en\/wp-json\/wp\/v2\/product\/38359\/revisions"}],"predecessor-version":[{"id":38362,"href":"https:\/\/allnailandbeauty.com\/en\/wp-json\/wp\/v2\/product\/38359\/revisions\/38362"}],"wp:featuredmedia":[{"embeddable":true,"href":"https:\/\/allnailandbeauty.com\/en\/wp-json\/wp\/v2\/media\/38301"}],"wp:attachment":[{"href":"https:\/\/allnailandbeauty.com\/en\/wp-json\/wp\/v2\/media?parent=38359"}],"wp:term":[{"taxonomy":"product_brand","embeddable":true,"href":"https:\/\/allnailandbeauty.com\/en\/wp-json\/wp\/v2\/product_brand?post=38359"},{"taxonomy":"product_cat","embeddable":true,"href":"https:\/\/allnailandbeauty.com\/en\/wp-json\/wp\/v2\/product_cat?post=38359"},{"taxonomy":"product_tag","embeddable":true,"href":"https:\/\/allnailandbeauty.com\/en\/wp-json\/wp\/v2\/product_tag?post=38359"}],"curies":[{"name":"wp","href":"https:\/\/api.w.org\/{rel}","templated":true}]}}