{"id":38391,"date":"2025-11-03T15:11:01","date_gmt":"2025-11-03T20:11:01","guid":{"rendered":"https:\/\/allnailandbeauty.com\/produit\/bonder-ultra-rapide\/"},"modified":"2025-11-03T15:42:15","modified_gmt":"2025-11-03T20:42:15","slug":"bonder-ultra-rapide","status":"publish","type":"product","link":"https:\/\/allnailandbeauty.com\/en\/product\/bonder-ultra-rapide\/","title":{"rendered":"Bonder Hybrid"},"content":{"rendered":"<h5 data-start=\"135\" data-end=\"218\"><strong data-start=\"138\" data-end=\"218\">Bonder very fast &#8211; 30 ml<\/strong><\/h5>\n<p data-start=\"220\" data-end=\"652\">Discover Hybrid Bonder, our newest bonding accelerator, specially formulated to improve lash extension adhesion and performance.<\/p>\n<p data-start=\"215\" data-end=\"369\">Our hybrid bonder combines three essential actions to optimize the bonding of eyelash extensions: water, humectants, and ethyl acetate.<\/p>\n<p data-start=\"371\" data-end=\"532\">Water provides the micro-humidity needed to initiate the polymerization of cyanoacrylate inside the glue bond, even in dry environments.<\/p>\n<p data-start=\"534\" data-end=\"760\">i se resserrer.<\/p>\n<p data-start=\"762\" data-end=\"938\">\u2022 <strong data-start=\"764\" data-end=\"782\">L\u2019\u00e9thylac\u00e9tate<\/strong> acc\u00e9l\u00e8re la polym\u00e9risation <strong data-start=\"810\" data-end=\"824\">en surface<\/strong>, cr\u00e9ant une fixation plus <strong data-start=\"851\" data-end=\"861\">stable<\/strong>, plus <strong data-start=\"868\" data-end=\"878\">propre<\/strong>, et limitant le d\u00e9placement de la colle sur le cil naturel.<\/p>\n<p data-start=\"940\" data-end=\"1146\">The result: a double-action polymerization that works faster and more evenly, improved retention, fewer closing fans, and a smoother application process\u2014even when ambient humidity is low.<\/p>\n<p data-start=\"1148\" data-end=\"1190\">Designed for technicians who want:<\/p>\n<ul data-start=\"1191\" data-end=\"1355\">\n<li data-start=\"1191\" data-end=\"1213\">\n<p data-start=\"1193\" data-end=\"1213\">faster application<\/p>\n<\/li>\n<li data-start=\"1214\" data-end=\"1235\">\n<p data-start=\"1216\" data-end=\"1235\">less slipping<\/p>\n<\/li>\n<li data-start=\"1236\" data-end=\"1272\">\n<p data-start=\"1238\" data-end=\"1272\">better fan structure<\/p>\n<\/li>\n<li data-start=\"1273\" data-end=\"1303\">\n<p data-start=\"1275\" data-end=\"1303\">more consistent retention<\/p>\n<\/li>\n<li data-start=\"1304\" data-end=\"1355\">\n<p data-start=\"1306\" data-end=\"1355\">professional results every time<\/p>\n<\/li>\n<\/ul>\n","protected":false},"excerpt":{"rendered":"<p>Bonder very fast &#8211; 30 ml Discover Hybrid Bonder, our newest bonding accelerator, specially formulated to improve lash extension adhesion and performance. Our hybrid bonder combines three essential actions to optimize the bonding of eyelash extensions: water, humectants, and ethyl acetate. Water provides the micro-humidity needed to initiate the polymerization of&hellip;<\/p>\n","protected":false},"featured_media":37191,"comment_status":"open","ping_status":"closed","template":"","meta":{"_acf_changed":false},"product_brand":[],"product_cat":[1784,3135,1817],"product_tag":[],"class_list":{"0":"post-38391","1":"product","2":"type-product","3":"status-publish","4":"has-post-thumbnail","6":"product_cat-eyelash-products","7":"product_cat-new","8":"product_cat-other-en","10":"first","11":"instock","12":"taxable","13":"shipping-taxable","14":"purchasable","15":"product-type-simple"},"acf":[],"_links":{"self":[{"href":"https:\/\/allnailandbeauty.com\/en\/wp-json\/wp\/v2\/product\/38391","targetHints":{"allow":["GET"]}}],"collection":[{"href":"https:\/\/allnailandbeauty.com\/en\/wp-json\/wp\/v2\/product"}],"about":[{"href":"https:\/\/allnailandbeauty.com\/en\/wp-json\/wp\/v2\/types\/product"}],"replies":[{"embeddable":true,"href":"https:\/\/allnailandbeauty.com\/en\/wp-json\/wp\/v2\/comments?post=38391"}],"version-history":[{"count":2,"href":"https:\/\/allnailandbeauty.com\/en\/wp-json\/wp\/v2\/product\/38391\/revisions"}],"predecessor-version":[{"id":38393,"href":"https:\/\/allnailandbeauty.com\/en\/wp-json\/wp\/v2\/product\/38391\/revisions\/38393"}],"wp:featuredmedia":[{"embeddable":true,"href":"https:\/\/allnailandbeauty.com\/en\/wp-json\/wp\/v2\/media\/37191"}],"wp:attachment":[{"href":"https:\/\/allnailandbeauty.com\/en\/wp-json\/wp\/v2\/media?parent=38391"}],"wp:term":[{"taxonomy":"product_brand","embeddable":true,"href":"https:\/\/allnailandbeauty.com\/en\/wp-json\/wp\/v2\/product_brand?post=38391"},{"taxonomy":"product_cat","embeddable":true,"href":"https:\/\/allnailandbeauty.com\/en\/wp-json\/wp\/v2\/product_cat?post=38391"},{"taxonomy":"product_tag","embeddable":true,"href":"https:\/\/allnailandbeauty.com\/en\/wp-json\/wp\/v2\/product_tag?post=38391"}],"curies":[{"name":"wp","href":"https:\/\/api.w.org\/{rel}","templated":true}]}}