{"id":38934,"date":"2025-11-22T13:10:06","date_gmt":"2025-11-22T18:10:06","guid":{"rendered":"https:\/\/allnailandbeauty.com\/produit\/collection-vernis-gel-cozy-mood\/"},"modified":"2025-11-22T13:23:45","modified_gmt":"2025-11-22T18:23:45","slug":"collection-vernis-gel-cozy-mood","status":"publish","type":"product","link":"https:\/\/allnailandbeauty.com\/en\/product\/collection-vernis-gel-cozy-mood\/","title":{"rendered":"Collection vernis gel Cozy mood"},"content":{"rendered":"<p data-start=\"196\" data-end=\"433\"><strong data-start=\"196\" data-end=\"209\">Cozy Mood<\/strong>, c\u2019est la collection qui apporte tout le r\u00e9confort d\u2019un latt\u00e9 chaud\u2026 en version vernis gel.<br data-start=\"301\" data-end=\"304\" \/>Des teintes <strong data-start=\"316\" data-end=\"362\">cappuccino, orang\u00e9es, nude et chaleureuses<\/strong>, parfaites pour cr\u00e9er des poses douces, invitantes et hyper f\u00e9minines.<\/p>\n<p data-start=\"435\" data-end=\"504\">La collection comprend <strong data-start=\"458\" data-end=\"500\">six vernis gel professionnels de 15 ml<\/strong> :<\/p>\n<ul data-start=\"505\" data-end=\"652\">\n<li data-start=\"505\" data-end=\"577\">\n<p data-start=\"507\" data-end=\"577\"><strong data-start=\"507\" data-end=\"531\">5 couleurs Cozy Mood<\/strong>, riches, chaudes et parfaitement pigment\u00e9es<\/p>\n<\/li>\n<li data-start=\"578\" data-end=\"652\">\n<p data-start=\"580\" data-end=\"652\"><strong data-start=\"580\" data-end=\"604\">1 base nude en <em>bonus<\/em><\/strong>, id\u00e9ale pour les looks naturels ou les overlays<\/p>\n<\/li>\n<\/ul>\n<p data-start=\"654\" data-end=\"674\">Caract\u00e9ristiques :<\/p>\n<ul data-start=\"675\" data-end=\"824\">\n<li data-start=\"675\" data-end=\"713\">\n<p data-start=\"677\" data-end=\"713\"><strong data-start=\"677\" data-end=\"711\">pigmentation riche et uniforme<\/strong><\/p>\n<\/li>\n<li data-start=\"714\" data-end=\"751\">\n<p data-start=\"716\" data-end=\"751\"><strong data-start=\"716\" data-end=\"749\">application lisse sans stries<\/strong><\/p>\n<\/li>\n<li data-start=\"752\" data-end=\"774\">\n<p data-start=\"754\" data-end=\"774\"><strong data-start=\"754\" data-end=\"772\">texture stable<\/strong><\/p>\n<\/li>\n<li data-start=\"775\" data-end=\"801\">\n<p data-start=\"777\" data-end=\"801\"><strong data-start=\"777\" data-end=\"799\">tenue longue dur\u00e9e<\/strong><\/p>\n<\/li>\n<li data-start=\"802\" data-end=\"824\">\n<p data-start=\"804\" data-end=\"824\">brillance impeccable<\/p>\n<\/li>\n<\/ul>\n<p data-start=\"826\" data-end=\"862\">Chaque couleur peut \u00eatre achet\u00e9e :<\/p>\n<ul data-start=\"863\" data-end=\"955\">\n<li data-start=\"863\" data-end=\"923\">\n<p data-start=\"865\" data-end=\"923\"><strong data-start=\"865\" data-end=\"878\">\u00e0 l\u2019unit\u00e9<\/strong>, selon le code couleur affich\u00e9 sur l\u2019image<\/p>\n<\/li>\n<li data-start=\"924\" data-end=\"955\">\n<p data-start=\"926\" data-end=\"955\">ou en <strong data-start=\"932\" data-end=\"955\">collection compl\u00e8te<\/strong><\/p>\n<\/li>\n<\/ul>\n<p data-start=\"957\" data-end=\"1043\"><strong data-start=\"957\" data-end=\"1043\">Cozy Mood : des teintes chaudes et r\u00e9confortantes qui matchent toutes les saisons.<\/strong><\/p>\n","protected":false},"excerpt":{"rendered":"<p>Cozy Mood, c\u2019est la collection qui apporte tout le r\u00e9confort d\u2019un latt\u00e9 chaud\u2026 en version vernis gel.Des teintes cappuccino, orang\u00e9es, nude et chaleureuses, parfaites pour cr\u00e9er des poses douces, invitantes et hyper f\u00e9minines. La collection comprend six vernis gel professionnels de 15 ml : 5 couleurs Cozy Mood, riches, chaudes et&hellip;<\/p>\n","protected":false},"featured_media":38882,"comment_status":"open","ping_status":"closed","template":"","meta":{"_acf_changed":false},"product_brand":[],"product_cat":[1797,1783,3135,1822,1788,1814],"product_tag":[],"class_list":{"0":"post-38934","1":"product","2":"type-product","3":"status-publish","4":"has-post-thumbnail","6":"product_cat-manicure-and-pedicure","7":"product_cat-nail-products","8":"product_cat-new","9":"product_cat-varnish","10":"product_cat-uv-gel","11":"product_cat-uv-varnish","13":"first","14":"instock","15":"taxable","16":"shipping-taxable","17":"purchasable","18":"product-type-variable"},"acf":[],"_links":{"self":[{"href":"https:\/\/allnailandbeauty.com\/en\/wp-json\/wp\/v2\/product\/38934","targetHints":{"allow":["GET"]}}],"collection":[{"href":"https:\/\/allnailandbeauty.com\/en\/wp-json\/wp\/v2\/product"}],"about":[{"href":"https:\/\/allnailandbeauty.com\/en\/wp-json\/wp\/v2\/types\/product"}],"replies":[{"embeddable":true,"href":"https:\/\/allnailandbeauty.com\/en\/wp-json\/wp\/v2\/comments?post=38934"}],"version-history":[{"count":1,"href":"https:\/\/allnailandbeauty.com\/en\/wp-json\/wp\/v2\/product\/38934\/revisions"}],"predecessor-version":[{"id":38943,"href":"https:\/\/allnailandbeauty.com\/en\/wp-json\/wp\/v2\/product\/38934\/revisions\/38943"}],"wp:featuredmedia":[{"embeddable":true,"href":"https:\/\/allnailandbeauty.com\/en\/wp-json\/wp\/v2\/media\/38882"}],"wp:attachment":[{"href":"https:\/\/allnailandbeauty.com\/en\/wp-json\/wp\/v2\/media?parent=38934"}],"wp:term":[{"taxonomy":"product_brand","embeddable":true,"href":"https:\/\/allnailandbeauty.com\/en\/wp-json\/wp\/v2\/product_brand?post=38934"},{"taxonomy":"product_cat","embeddable":true,"href":"https:\/\/allnailandbeauty.com\/en\/wp-json\/wp\/v2\/product_cat?post=38934"},{"taxonomy":"product_tag","embeddable":true,"href":"https:\/\/allnailandbeauty.com\/en\/wp-json\/wp\/v2\/product_tag?post=38934"}],"curies":[{"name":"wp","href":"https:\/\/api.w.org\/{rel}","templated":true}]}}