{"id":38946,"date":"2025-11-22T13:24:22","date_gmt":"2025-11-22T18:24:22","guid":{"rendered":"https:\/\/allnailandbeauty.com\/produit\/collection-vernis-gel-magie-des-fetes\/"},"modified":"2025-11-22T13:33:19","modified_gmt":"2025-11-22T18:33:19","slug":"collection-vernis-gel-magie-des-fetes","status":"publish","type":"product","link":"https:\/\/allnailandbeauty.com\/en\/product\/collection-vernis-gel-magie-des-fetes\/","title":{"rendered":"Collection vernis gel magie des f\u00eates"},"content":{"rendered":"<p data-start=\"224\" data-end=\"561\"><strong data-start=\"224\" data-end=\"243\">Magie des F\u00eates<\/strong>, c\u2019est la collection qui capte toute l\u2019ambiance du temps des F\u00eates\u2026 en six couleurs \u00e9clatantes et classiques.<br data-start=\"353\" data-end=\"356\" \/>On y retrouve des <strong data-start=\"374\" data-end=\"411\">rouges No\u00ebl et bourgogne profonds<\/strong>, un <strong data-start=\"416\" data-end=\"436\">vert sapin riche<\/strong>, un <strong data-start=\"441\" data-end=\"464\">rose pastel d\u00e9licat<\/strong>, ainsi que <strong data-start=\"476\" data-end=\"515\">deux tons chauds nude et jaune doux<\/strong> pour cr\u00e9er des poses \u00e9l\u00e9gantes et lumineuses.<\/p>\n<p data-start=\"563\" data-end=\"638\">La collection comprend <strong data-start=\"586\" data-end=\"628\">six vernis gel professionnels de 15 ml<\/strong>, avec :<\/p>\n<ul data-start=\"639\" data-end=\"813\">\n<li data-start=\"639\" data-end=\"677\">\n<p data-start=\"641\" data-end=\"677\"><strong data-start=\"641\" data-end=\"675\">pigmentation riche et uniforme<\/strong><\/p>\n<\/li>\n<li data-start=\"678\" data-end=\"715\">\n<p data-start=\"680\" data-end=\"715\"><strong data-start=\"680\" data-end=\"713\">application lisse sans stries<\/strong><\/p>\n<\/li>\n<li data-start=\"716\" data-end=\"738\">\n<p data-start=\"718\" data-end=\"738\"><strong data-start=\"718\" data-end=\"736\">texture stable<\/strong><\/p>\n<\/li>\n<li data-start=\"739\" data-end=\"765\">\n<p data-start=\"741\" data-end=\"765\"><strong data-start=\"741\" data-end=\"763\">tenue longue dur\u00e9e<\/strong><\/p>\n<\/li>\n<li data-start=\"766\" data-end=\"813\">\n<p data-start=\"768\" data-end=\"813\">une brillance impeccable pens\u00e9e pour les pros<\/p>\n<\/li>\n<\/ul>\n<p data-start=\"815\" data-end=\"848\">Chaque couleur est disponible :<\/p>\n<ul data-start=\"849\" data-end=\"941\">\n<li data-start=\"849\" data-end=\"909\">\n<p data-start=\"851\" data-end=\"909\"><strong data-start=\"851\" data-end=\"864\">\u00e0 l\u2019unit\u00e9<\/strong>, selon le code couleur affich\u00e9 sur l\u2019image<\/p>\n<\/li>\n<li data-start=\"910\" data-end=\"941\">\n<p data-start=\"912\" data-end=\"941\">ou en <strong data-start=\"918\" data-end=\"941\">collection compl\u00e8te<\/strong><\/p>\n<\/li>\n<\/ul>\n<p data-start=\"943\" data-end=\"1062\"><strong data-start=\"943\" data-end=\"1062\">Magie des F\u00eates : des couleurs festives, \u00e9l\u00e9gantes et intemporelles pour des poses qui brillent jusqu\u2019au Nouvel An.<\/strong><\/p>\n","protected":false},"excerpt":{"rendered":"<p>Magie des F\u00eates, c\u2019est la collection qui capte toute l\u2019ambiance du temps des F\u00eates\u2026 en six couleurs \u00e9clatantes et classiques.On y retrouve des rouges No\u00ebl et bourgogne profonds, un vert sapin riche, un rose pastel d\u00e9licat, ainsi que deux tons chauds nude et jaune doux pour cr\u00e9er des poses \u00e9l\u00e9gantes et&hellip;<\/p>\n","protected":false},"featured_media":38886,"comment_status":"open","ping_status":"closed","template":"","meta":{"_acf_changed":false},"product_brand":[],"product_cat":[1797,1783,3135,1822,1788,1814],"product_tag":[],"class_list":{"0":"post-38946","1":"product","2":"type-product","3":"status-publish","4":"has-post-thumbnail","6":"product_cat-manicure-and-pedicure","7":"product_cat-nail-products","8":"product_cat-new","9":"product_cat-varnish","10":"product_cat-uv-gel","11":"product_cat-uv-varnish","13":"first","14":"instock","15":"taxable","16":"shipping-taxable","17":"purchasable","18":"product-type-variable"},"acf":[],"_links":{"self":[{"href":"https:\/\/allnailandbeauty.com\/en\/wp-json\/wp\/v2\/product\/38946","targetHints":{"allow":["GET"]}}],"collection":[{"href":"https:\/\/allnailandbeauty.com\/en\/wp-json\/wp\/v2\/product"}],"about":[{"href":"https:\/\/allnailandbeauty.com\/en\/wp-json\/wp\/v2\/types\/product"}],"replies":[{"embeddable":true,"href":"https:\/\/allnailandbeauty.com\/en\/wp-json\/wp\/v2\/comments?post=38946"}],"version-history":[{"count":1,"href":"https:\/\/allnailandbeauty.com\/en\/wp-json\/wp\/v2\/product\/38946\/revisions"}],"predecessor-version":[{"id":38966,"href":"https:\/\/allnailandbeauty.com\/en\/wp-json\/wp\/v2\/product\/38946\/revisions\/38966"}],"wp:featuredmedia":[{"embeddable":true,"href":"https:\/\/allnailandbeauty.com\/en\/wp-json\/wp\/v2\/media\/38886"}],"wp:attachment":[{"href":"https:\/\/allnailandbeauty.com\/en\/wp-json\/wp\/v2\/media?parent=38946"}],"wp:term":[{"taxonomy":"product_brand","embeddable":true,"href":"https:\/\/allnailandbeauty.com\/en\/wp-json\/wp\/v2\/product_brand?post=38946"},{"taxonomy":"product_cat","embeddable":true,"href":"https:\/\/allnailandbeauty.com\/en\/wp-json\/wp\/v2\/product_cat?post=38946"},{"taxonomy":"product_tag","embeddable":true,"href":"https:\/\/allnailandbeauty.com\/en\/wp-json\/wp\/v2\/product_tag?post=38946"}],"curies":[{"name":"wp","href":"https:\/\/api.w.org\/{rel}","templated":true}]}}