{"id":40285,"date":"2026-01-22T02:49:05","date_gmt":"2026-01-22T07:49:05","guid":{"rendered":"https:\/\/allnailandbeauty.com\/produit\/cils-ombre-bleu\/"},"modified":"2026-01-22T02:50:38","modified_gmt":"2026-01-22T07:50:38","slug":"cils-ombre-bleu","status":"publish","type":"product","link":"https:\/\/allnailandbeauty.com\/en\/product\/cils-ombre-bleu\/","title":{"rendered":"Cils Ombr\u00e9 bleu"},"content":{"rendered":"<p data-start=\"45\" data-end=\"113\"><strong data-start=\"45\" data-end=\"113\">Cils ombr\u00e9s noir &amp; bleu \u2013 Courbe C \u2013 Mix 9 \u00e0 13 \u2013 \u00c9paisseur 0.15<\/strong><\/p>\n<p data-start=\"115\" data-end=\"333\">Cils bicolores noir et bleu au d\u00e9grad\u00e9 moderne et \u00e9l\u00e9gant. Courbe C pour un regard ouvert et lumineux. \u00c9paisseur 0.15 id\u00e9ale pour un volume l\u00e9ger \u00e0 moyen. Bo\u00eete mix 9 \u00e0 13 mm pour des poses personnalis\u00e9es et cr\u00e9atives.<\/p>\n","protected":false},"excerpt":{"rendered":"<p>Cils ombr\u00e9s noir &amp; bleu \u2013 Courbe C \u2013 Mix 9 \u00e0 13 \u2013 \u00c9paisseur 0.15 Cils bicolores noir et bleu au d\u00e9grad\u00e9 moderne et \u00e9l\u00e9gant. Courbe C pour un regard ouvert et lumineux. \u00c9paisseur 0.15 id\u00e9ale pour un volume l\u00e9ger \u00e0 moyen. Bo\u00eete mix 9 \u00e0 13 mm pour des&hellip;<\/p>\n","protected":false},"featured_media":39772,"comment_status":"open","ping_status":"closed","template":"","meta":{"_acf_changed":false},"product_brand":[],"product_cat":[4312,1784,1794],"product_tag":[],"class_list":{"0":"post-40285","1":"product","2":"type-product","3":"status-publish","4":"has-post-thumbnail","6":"product_cat-colors-lashes","7":"product_cat-eyelash-products","8":"product_cat-eyelashes","10":"first","11":"instock","12":"taxable","13":"shipping-taxable","14":"purchasable","15":"product-type-simple"},"acf":[],"_links":{"self":[{"href":"https:\/\/allnailandbeauty.com\/en\/wp-json\/wp\/v2\/product\/40285","targetHints":{"allow":["GET"]}}],"collection":[{"href":"https:\/\/allnailandbeauty.com\/en\/wp-json\/wp\/v2\/product"}],"about":[{"href":"https:\/\/allnailandbeauty.com\/en\/wp-json\/wp\/v2\/types\/product"}],"replies":[{"embeddable":true,"href":"https:\/\/allnailandbeauty.com\/en\/wp-json\/wp\/v2\/comments?post=40285"}],"version-history":[{"count":1,"href":"https:\/\/allnailandbeauty.com\/en\/wp-json\/wp\/v2\/product\/40285\/revisions"}],"predecessor-version":[{"id":40286,"href":"https:\/\/allnailandbeauty.com\/en\/wp-json\/wp\/v2\/product\/40285\/revisions\/40286"}],"wp:featuredmedia":[{"embeddable":true,"href":"https:\/\/allnailandbeauty.com\/en\/wp-json\/wp\/v2\/media\/39772"}],"wp:attachment":[{"href":"https:\/\/allnailandbeauty.com\/en\/wp-json\/wp\/v2\/media?parent=40285"}],"wp:term":[{"taxonomy":"product_brand","embeddable":true,"href":"https:\/\/allnailandbeauty.com\/en\/wp-json\/wp\/v2\/product_brand?post=40285"},{"taxonomy":"product_cat","embeddable":true,"href":"https:\/\/allnailandbeauty.com\/en\/wp-json\/wp\/v2\/product_cat?post=40285"},{"taxonomy":"product_tag","embeddable":true,"href":"https:\/\/allnailandbeauty.com\/en\/wp-json\/wp\/v2\/product_tag?post=40285"}],"curies":[{"name":"wp","href":"https:\/\/api.w.org\/{rel}","templated":true}]}}